{"id":5730,"date":"2018-03-16T16:03:41","date_gmt":"2018-03-16T16:03:41","guid":{"rendered":"http:\/\/cecca.cloudxeral.com\/?page_id=5730"},"modified":"2018-05-04T12:14:11","modified_gmt":"2018-05-04T10:14:11","slug":"inicio","status":"publish","type":"page","link":"https:\/\/aula-cecca.es\/wp_xeral_25_02\/inicio\/","title":{"rendered":"Inicio"},"content":{"rendered":"<p>[vc_row full_width=\u00bbstretch_row\u00bb full_height=\u00bbfull_row_height\u00bb v_position=\u00bbtop\u00bb overlay_color=\u00bbrgba(255,255,255,0.1)\u00bb css=\u00bb.vc_custom_1525344863695{background-position: center !important;background-repeat: no-repeat !important;background-size: cover !important;}\u00bb font_color=\u00bb#ffffff\u00bb][vc_column][rev_slider alias=\u00bbcecca-slider\u00bb][rowshape type=\u00bbrowshape_6&#8243; position=\u00bbbottom\u00bb height=\u00bb140&#8243; color=\u00bb#ffffff\u00bb][\/vc_column][\/vc_row][vc_row full_width=\u00bbstretch_row\u00bb v_position=\u00bbtop\u00bb css=\u00bb.vc_custom_1484675326022{padding-top: 60px !important;padding-bottom: 60px !important;}\u00bb][vc_column offset=\u00bbvc_col-lg-offset-1 vc_col-lg-10&#8243;][vc_column_text]<\/p>\n<h2 style=\"text-align: center;\"><span class=\"text_linkhovercolor\">CECCA Formaci\u00f3n Sarria<\/span><\/h2>\n<p>[\/vc_column_text][vc_row_inner][vc_column_inner width=\u00bb1\/3&#8243;][\/vc_column_inner][vc_column_inner width=\u00bb1\/3&#8243;][vc_separator border_width=\u00bb4&#8243; el_width=\u00bb20&#8243; css=\u00bb.vc_custom_1484647417746{margin-bottom: 4px !important;}\u00bb][\/vc_column_inner][vc_column_inner width=\u00bb1\/3&#8243;][\/vc_column_inner][\/vc_row_inner][vc_column_text]<\/p>\n<p style=\"text-align: center;\">Adem\u00e1s de la formaci\u00f3n, CECCA, ha llevado a cabo labores de captaci\u00f3n de alumnos, captaci\u00f3n de empresas, selecci\u00f3n de profesores, tareas comerciales, elaboraci\u00f3n de material did\u00e1ctico, alquiler de aulas e instalaciones, entre otras.<\/p>\n<p>[\/vc_column_text][vc_icon type=\u00bbnucleo_outline\u00bb icon_nucleo_outline=\u00bbnc-icon-outline arrows-1_circle-down-40&#8243; color=\u00bbcustom\u00bb size=\u00bbxl\u00bb align=\u00bbcenter\u00bb css_animation=\u00bbfadeInDown\u00bb css=\u00bb.vc_custom_1484648211246{margin-top: 30px !important;}\u00bb custom_color=\u00bb#36b2db\u00bb link=\u00bburl:%23demos|||\u00bb][\/vc_column][\/vc_row][vc_row css=\u00bb.vc_custom_1521220506962{padding-bottom: 120px !important;}\u00bb][vc_column width=\u00bb1\/2&#8243;][vc_single_image image=\u00bb5738&#8243; img_size=\u00bbfull\u00bb alignment=\u00bbcenter\u00bb style=\u00bbvc_box_shadow_border\u00bb][vc_empty_space height=\u00bb15px\u00bb][vc_column_text]<\/p>\n<h2 style=\"text-align: center;\">CECCA-formaci\u00f3n<\/h2>\n<p>[\/vc_column_text][vc_empty_space height=\u00bb15px\u00bb][vc_btn title=\u00bbVer m\u00e1s\u00bb style=\u00bboutline\u00bb align=\u00bbcenter\u00bb link=\u00bburl:%2Fcecca-formacion%2F|||\u00bb][\/vc_column][vc_column width=\u00bb1\/2&#8243;][vc_single_image image=\u00bb5740&#8243; img_size=\u00bbfull\u00bb alignment=\u00bbcenter\u00bb style=\u00bbvc_box_shadow_border\u00bb][vc_empty_space height=\u00bb15px\u00bb][vc_column_text]<\/p>\n<h2 style=\"text-align: center;\">CECCA-autoescuela<\/h2>\n<p>[\/vc_column_text][vc_empty_space height=\u00bb15px\u00bb][vc_btn title=\u00bbVer m\u00e1s\u00bb style=\u00bboutline\u00bb align=\u00bbcenter\u00bb link=\u00bburl:%2Fcecca-autoescuela%2F|||\u00bb][\/vc_column][\/vc_row][vc_row full_width=\u00bbstretch_row_content\u00bb v_position=\u00bbtop\u00bb css=\u00bb.vc_custom_1521219228233{padding-top: 60px !important;padding-bottom: 60px !important;background-color: #f4f9f9 !important;}\u00bb][vc_column offset=\u00bbvc_col-lg-offset-1 vc_col-lg-10&#8243;][vc_row_inner gap=\u00bb30&#8243;][vc_column_inner width=\u00bb1\/2&#8243; offset=\u00bbvc_col-lg-3&#8243;][vc_icon type=\u00bbnucleo_outline\u00bb icon_nucleo_outline=\u00bbnc-icon-outline education_board-51&#8243; color=\u00bbcustom\u00bb size=\u00bblg\u00bb css_animation=\u00bbrotateInUpLeft\u00bb custom_color=\u00bb#b9e85c\u00bb][vc_empty_space height=\u00bb15px\u00bb][vc_column_text]<\/p>\n<h3>FORMACI\u00d3N<\/h3>\n<p>Ofrecemos formaci\u00f3n tanto privada como subvencionada.[\/vc_column_text][\/vc_column_inner][vc_column_inner width=\u00bb1\/2&#8243; offset=\u00bbvc_col-lg-3&#8243;][vc_icon type=\u00bbnucleo_outline\u00bb icon_nucleo_outline=\u00bbnc-icon-outline design-2_3d-29&#8243; color=\u00bbcustom\u00bb size=\u00bblg\u00bb css_animation=\u00bbfadeInUp\u00bb link=\u00bburl:http%3A%2F%2Fyou.acoda.com%2Fapp-landing-page%2F||target:%20_blank\u00bb custom_color=\u00bb#b9e85c\u00bb][vc_empty_space height=\u00bb15px\u00bb][vc_column_text]<\/p>\n<h3>GESTI\u00d3N DE LA FORMACI\u00d3N<\/h3>\n<p>Desarrollamos todas las tareas inherentes al proceso formativo.[\/vc_column_text][\/vc_column_inner][vc_column_inner width=\u00bb1\/2&#8243; offset=\u00bbvc_col-lg-3&#8243;][vc_icon type=\u00bbnucleo_outline\u00bb icon_nucleo_outline=\u00bbnc-icon-outline tech_computer-old\u00bb color=\u00bbcustom\u00bb size=\u00bblg\u00bb css_animation=\u00bblightSpeedIn\u00bb custom_color=\u00bb#b9e85c\u00bb][vc_empty_space height=\u00bb15px\u00bb][vc_column_text]<\/p>\n<h3>ALQUILERES<\/h3>\n<p class=\"p1\">Colaboramos y damos soporte a terceros en el desarrollo cualquier proceso formativo.<\/p>\n<p>[\/vc_column_text][\/vc_column_inner][vc_column_inner width=\u00bb1\/2&#8243; offset=\u00bbvc_col-lg-3&#8243;][vc_icon type=\u00bbnucleo_outline\u00bb icon_nucleo_outline=\u00bbnc-icon-outline design_web-design\u00bb color=\u00bbcustom\u00bb size=\u00bblg\u00bb css_animation=\u00bbfadeInDown\u00bb link=\u00bburl:https%3A%2F%2Fwww.youtube.com%2Fwatch%3Fv%3DmSAUhRi5Qk4|||\u00bb custom_color=\u00bb#b9e85c\u00bb el_class=\u00bblightbox\u00bb][vc_empty_space height=\u00bb15px\u00bb][vc_column_text]<\/p>\n<h3>ELABORACI\u00d3N DE MATERIALES<\/h3>\n<p>Materiales did\u00e1cticos, aulas virtuales y comercializaci\u00f3n.[\/vc_column_text][\/vc_column_inner][\/vc_row_inner][vc_row_inner][vc_column_inner width=\u00bb1\/3&#8243;][\/vc_column_inner][vc_column_inner width=\u00bb1\/3&#8243;][vc_btn title=\u00bbVer m\u00e1s\u00bb style=\u00bboutline\u00bb align=\u00bbcenter\u00bb link=\u00bburl:%2Fservicios%2F|||\u00bb][\/vc_column_inner][vc_column_inner width=\u00bb1\/3&#8243;][\/vc_column_inner][\/vc_row_inner][\/vc_column][\/vc_row][vc_row full_width=\u00bbstretch_row\u00bb css=\u00bb.vc_custom_1524847747188{padding-top: 60px !important;padding-bottom: 60px !important;}\u00bb el_class=\u00bbfila-oculta\u00bb][vc_column][vc_column_text]<\/p>\n<h2 style=\"text-align: center;\"><span class=\"text_linkhovercolor\">\u00daltimas noticias<\/span><\/h2>\n<p>[\/vc_column_text][vc_row_inner][vc_column_inner width=\u00bb1\/3&#8243;][\/vc_column_inner][vc_column_inner width=\u00bb1\/3&#8243;][vc_separator border_width=\u00bb4&#8243; el_width=\u00bb20&#8243;][\/vc_column_inner][vc_column_inner width=\u00bb1\/3&#8243;][\/vc_column_inner][\/vc_row_inner][postgallery_grid data_source=\u00bbdata-10&#8243; null=\u00bb\u00bb content_type=\u00bbtitleimage\u00bb columnpadding=\u00bbcolumn_padding\u00bb loop=\u00bbsize:3|order_by:date|post_type:post\u00bb][\/vc_column][\/vc_row]<\/p>\n","protected":false},"excerpt":{"rendered":"<p>[vc_row full_width=\u00bbstretch_row\u00bb full_height=\u00bbfull_row_height\u00bb v_position=\u00bbtop\u00bb overlay_color=\u00bbrgba(255,255,255,0.1)\u00bb css=\u00bb.vc_custom_1525344863695{background-position: center !important;background-repeat: no-repeat !important;background-size: cover !important;}\u00bb font_color=\u00bb#ffffff\u00bb][vc_column][rev_slider alias=\u00bbcecca-slider\u00bb][rowshape type=\u00bbrowshape_6&#8243; position=\u00bbbottom\u00bb height=\u00bb140&#8243; color=\u00bb#ffffff\u00bb][\/vc_column][\/vc_row][vc_row full_width=\u00bbstretch_row\u00bb v_position=\u00bbtop\u00bb css=\u00bb.vc_custom_1484675326022{padding-top: 60px !important;padding-bottom: 60px !important;}\u00bb][vc_column offset=\u00bbvc_col-lg-offset-1 vc_col-lg-10&#8243;][vc_column_text] CECCA Formaci\u00f3n Sarria [\/vc_column_text][vc_row_inner][vc_column_inner width=\u00bb1\/3&#8243;][\/vc_column_inner][vc_column_inner width=\u00bb1\/3&#8243;][vc_separator border_width=\u00bb4&#8243; el_width=\u00bb20&#8243; css=\u00bb.vc_custom_1484647417746{margin-bottom: 4px !important;}\u00bb][\/vc_column_inner][vc_column_inner width=\u00bb1\/3&#8243;][\/vc_column_inner][\/vc_row_inner][vc_column_text] Adem\u00e1s de la formaci\u00f3n, CECCA, ha llevado a cabo labores de captaci\u00f3n de alumnos, captaci\u00f3n de<a class=\"read-more\" href=\"https:\/\/aula-cecca.es\/wp_xeral_25_02\/inicio\/\">Seguir leyendo <i class=\"fa fa-angle-right fa-lg\"><\/i><\/a><\/p>\n","protected":false},"author":2,"featured_media":0,"parent":0,"menu_order":0,"comment_status":"closed","ping_status":"closed","template":"","meta":{"content-type":"","_monsterinsights_skip_tracking":false,"_monsterinsights_sitenote_active":false,"_monsterinsights_sitenote_note":"","_monsterinsights_sitenote_category":0,"footnotes":""},"yoast_head":"<!-- This site is optimized with the Yoast SEO plugin v22.1 - https:\/\/yoast.com\/wordpress\/plugins\/seo\/ -->\n<title>CECCA - Academia y autoescuela en Sarria<\/title>\n<meta name=\"description\" content=\"Academia y autoescuela en Sarria. Ofertas carnet de conducir para estudiantes en Sarria. Tarifa plana, ofertas para grupos y nueva tarifa con 10 pr\u00e1cticas incluidas.\" \/>\n<meta name=\"robots\" content=\"index, follow, max-snippet:-1, max-image-preview:large, max-video-preview:-1\" \/>\n<link rel=\"canonical\" href=\"https:\/\/aula-cecca.es\/wp_xeral_25_02\/inicio\/\" \/>\n<meta property=\"og:locale\" content=\"es_ES\" \/>\n<meta property=\"og:type\" content=\"article\" \/>\n<meta property=\"og:title\" content=\"CECCA - Academia y autoescuela en Sarria\" \/>\n<meta property=\"og:description\" content=\"Academia y autoescuela en Sarria. Ofertas carnet de conducir para estudiantes en Sarria. Tarifa plana, ofertas para grupos y nueva tarifa con 10 pr\u00e1cticas incluidas.\" \/>\n<meta property=\"og:url\" content=\"https:\/\/aula-cecca.es\/wp_xeral_25_02\/inicio\/\" \/>\n<meta property=\"og:site_name\" content=\"CECCA FORMACI\u00d3N\" \/>\n<meta property=\"article:modified_time\" content=\"2018-05-04T10:14:11+00:00\" \/>\n<meta name=\"twitter:card\" content=\"summary_large_image\" \/>\n<meta name=\"twitter:label1\" content=\"Tiempo de lectura\" \/>\n\t<meta name=\"twitter:data1\" content=\"4 minutos\" \/>\n<script type=\"application\/ld+json\" class=\"yoast-schema-graph\">{\"@context\":\"https:\/\/schema.org\",\"@graph\":[{\"@type\":\"WebPage\",\"@id\":\"https:\/\/aula-cecca.es\/wp_xeral_25_02\/inicio\/\",\"url\":\"https:\/\/aula-cecca.es\/wp_xeral_25_02\/inicio\/\",\"name\":\"CECCA - Academia y autoescuela en Sarria\",\"isPartOf\":{\"@id\":\"https:\/\/aula-cecca.es\/wp_xeral_25_02\/#website\"},\"datePublished\":\"2018-03-16T16:03:41+00:00\",\"dateModified\":\"2018-05-04T10:14:11+00:00\",\"description\":\"Academia y autoescuela en Sarria. Ofertas carnet de conducir para estudiantes en Sarria. Tarifa plana, ofertas para grupos y nueva tarifa con 10 pr\u00e1cticas incluidas.\",\"inLanguage\":\"es\",\"potentialAction\":[{\"@type\":\"ReadAction\",\"target\":[\"https:\/\/aula-cecca.es\/wp_xeral_25_02\/inicio\/\"]}]},{\"@type\":\"WebSite\",\"@id\":\"https:\/\/aula-cecca.es\/wp_xeral_25_02\/#website\",\"url\":\"https:\/\/aula-cecca.es\/wp_xeral_25_02\/\",\"name\":\"CECCA FORMACI\u00d3N\",\"description\":\"CECCA FORMACI\u00d3N centra su actividad en la formaci\u00f3n de trabajadores y est\u00e1 especializada en formaci\u00f3n OnLine\",\"potentialAction\":[{\"@type\":\"SearchAction\",\"target\":{\"@type\":\"EntryPoint\",\"urlTemplate\":\"https:\/\/aula-cecca.es\/wp_xeral_25_02\/?s={search_term_string}\"},\"query-input\":\"required name=search_term_string\"}],\"inLanguage\":\"es\"}]}<\/script>\n<!-- \/ Yoast SEO plugin. -->","yoast_head_json":{"title":"CECCA - Academia y autoescuela en Sarria","description":"Academia y autoescuela en Sarria. Ofertas carnet de conducir para estudiantes en Sarria. Tarifa plana, ofertas para grupos y nueva tarifa con 10 pr\u00e1cticas incluidas.","robots":{"index":"index","follow":"follow","max-snippet":"max-snippet:-1","max-image-preview":"max-image-preview:large","max-video-preview":"max-video-preview:-1"},"canonical":"https:\/\/aula-cecca.es\/wp_xeral_25_02\/inicio\/","og_locale":"es_ES","og_type":"article","og_title":"CECCA - Academia y autoescuela en Sarria","og_description":"Academia y autoescuela en Sarria. Ofertas carnet de conducir para estudiantes en Sarria. Tarifa plana, ofertas para grupos y nueva tarifa con 10 pr\u00e1cticas incluidas.","og_url":"https:\/\/aula-cecca.es\/wp_xeral_25_02\/inicio\/","og_site_name":"CECCA FORMACI\u00d3N","article_modified_time":"2018-05-04T10:14:11+00:00","twitter_card":"summary_large_image","twitter_misc":{"Tiempo de lectura":"4 minutos"},"schema":{"@context":"https:\/\/schema.org","@graph":[{"@type":"WebPage","@id":"https:\/\/aula-cecca.es\/wp_xeral_25_02\/inicio\/","url":"https:\/\/aula-cecca.es\/wp_xeral_25_02\/inicio\/","name":"CECCA - Academia y autoescuela en Sarria","isPartOf":{"@id":"https:\/\/aula-cecca.es\/wp_xeral_25_02\/#website"},"datePublished":"2018-03-16T16:03:41+00:00","dateModified":"2018-05-04T10:14:11+00:00","description":"Academia y autoescuela en Sarria. Ofertas carnet de conducir para estudiantes en Sarria. Tarifa plana, ofertas para grupos y nueva tarifa con 10 pr\u00e1cticas incluidas.","inLanguage":"es","potentialAction":[{"@type":"ReadAction","target":["https:\/\/aula-cecca.es\/wp_xeral_25_02\/inicio\/"]}]},{"@type":"WebSite","@id":"https:\/\/aula-cecca.es\/wp_xeral_25_02\/#website","url":"https:\/\/aula-cecca.es\/wp_xeral_25_02\/","name":"CECCA FORMACI\u00d3N","description":"CECCA FORMACI\u00d3N centra su actividad en la formaci\u00f3n de trabajadores y est\u00e1 especializada en formaci\u00f3n OnLine","potentialAction":[{"@type":"SearchAction","target":{"@type":"EntryPoint","urlTemplate":"https:\/\/aula-cecca.es\/wp_xeral_25_02\/?s={search_term_string}"},"query-input":"required name=search_term_string"}],"inLanguage":"es"}]}},"_links":{"self":[{"href":"https:\/\/aula-cecca.es\/wp_xeral_25_02\/wp-json\/wp\/v2\/pages\/5730"}],"collection":[{"href":"https:\/\/aula-cecca.es\/wp_xeral_25_02\/wp-json\/wp\/v2\/pages"}],"about":[{"href":"https:\/\/aula-cecca.es\/wp_xeral_25_02\/wp-json\/wp\/v2\/types\/page"}],"author":[{"embeddable":true,"href":"https:\/\/aula-cecca.es\/wp_xeral_25_02\/wp-json\/wp\/v2\/users\/2"}],"replies":[{"embeddable":true,"href":"https:\/\/aula-cecca.es\/wp_xeral_25_02\/wp-json\/wp\/v2\/comments?post=5730"}],"version-history":[{"count":49,"href":"https:\/\/aula-cecca.es\/wp_xeral_25_02\/wp-json\/wp\/v2\/pages\/5730\/revisions"}],"predecessor-version":[{"id":6155,"href":"https:\/\/aula-cecca.es\/wp_xeral_25_02\/wp-json\/wp\/v2\/pages\/5730\/revisions\/6155"}],"wp:attachment":[{"href":"https:\/\/aula-cecca.es\/wp_xeral_25_02\/wp-json\/wp\/v2\/media?parent=5730"}],"curies":[{"name":"wp","href":"https:\/\/api.w.org\/{rel}","templated":true}]}}