{"id":5788,"date":"2018-03-20T19:18:32","date_gmt":"2018-03-20T18:18:32","guid":{"rendered":"http:\/\/cecca.cloudxeral.com\/?page_id=5788"},"modified":"2018-04-23T19:00:28","modified_gmt":"2018-04-23T17:00:28","slug":"servicios","status":"publish","type":"page","link":"https:\/\/aula-cecca.es\/wp_xeral_25_02\/servicios\/","title":{"rendered":"Servicios"},"content":{"rendered":"<p>[vc_row full_width=\u00bbstretch_row\u00bb css=\u00bb.vc_custom_1521708296014{padding-top: 60px !important;}\u00bb][vc_column][vc_column_text]<\/p>\n<h2 style=\"text-align: center;\">Formaci\u00f3n<\/h2>\n<p>[\/vc_column_text][vc_row_inner][vc_column_inner width=\u00bb1\/3&#8243;][\/vc_column_inner][vc_column_inner width=\u00bb1\/3&#8243;][vc_separator border_width=\u00bb4&#8243; el_width=\u00bb20&#8243;][\/vc_column_inner][vc_column_inner width=\u00bb1\/3&#8243;][\/vc_column_inner][\/vc_row_inner][vc_row_inner][vc_column_inner width=\u00bb1\/2&#8243;][vc_single_image image=\u00bb6130&#8243; img_size=\u00bbfull\u00bb][\/vc_column_inner][vc_column_inner width=\u00bb1\/2&#8243;][vc_column_text]<\/p>\n<p style=\"text-align: justify;\"><strong>CECCA, <\/strong>ofrece formaci\u00f3n tanto privada como subvencionada.<\/p>\n<p style=\"text-align: justify;\">En este sentido elabora planes de formaci\u00f3n de acuerdo con las necesidades de las empresas y\/o alumnos.<\/p>\n<p style=\"text-align: justify;\">Imparte cursos de formaci\u00f3n tanto en modalidad Presencial, Teleformaci\u00f3n como mixta.<\/p>\n<p style=\"text-align: justify;\">Desarrolla tareas m\u00e1s all\u00e1 del proceso formativo como pueden ser la solicitud de planes, seguimiento, evaluaci\u00f3n de la calidad del proceso formativo, justificaci\u00f3n\u2026<\/p>\n<p>[\/vc_column_text][\/vc_column_inner][\/vc_row_inner][\/vc_column][\/vc_row][vc_row full_width=\u00bbstretch_row\u00bb css=\u00bb.vc_custom_1521708296014{padding-top: 60px !important;}\u00bb][vc_column][vc_column_text]<\/p>\n<h2 style=\"text-align: center;\">Gesti\u00f3n de la formaci\u00f3n<\/h2>\n<p>[\/vc_column_text][vc_row_inner][vc_column_inner width=\u00bb1\/3&#8243;][\/vc_column_inner][vc_column_inner width=\u00bb1\/3&#8243;][vc_separator border_width=\u00bb4&#8243; el_width=\u00bb20&#8243;][\/vc_column_inner][vc_column_inner width=\u00bb1\/3&#8243;][\/vc_column_inner][\/vc_row_inner][vc_row_inner][vc_column_inner width=\u00bb1\/2&#8243;][vc_column_text]<\/p>\n<p style=\"text-align: justify;\">CECCA, desarrolla todas las tareas inherentes al proceso formativo entre las que podemos resaltar:<\/p>\n<p><i class=\"fa fa-angle-right icon-bullet\"><\/i> Captaci\u00f3n de clientes<br \/>\n<i class=\"fa fa-angle-right icon-bullet\"><\/i> Detecci\u00f3n de necesidades formativas<br \/>\n<i class=\"fa fa-angle-right icon-bullet\"><\/i> Dise\u00f1o de planes de formaci\u00f3n acordes con la detecci\u00f3n de necesidades<br \/>\n<i class=\"fa fa-angle-right icon-bullet\"><\/i> Solicitud\/tramitaci\u00f3n de planes formativos<br \/>\n<i class=\"fa fa-angle-right icon-bullet\"><\/i> Impartici\u00f3n acciones formativas<br \/>\n<i class=\"fa fa-angle-right icon-bullet\"><\/i> Seguimiento de las acciones formativas<br \/>\n<i class=\"fa fa-angle-right icon-bullet\"><\/i> Evaluaci\u00f3n de la calidad del proceso formativo<br \/>\n<i class=\"fa fa-angle-right icon-bullet\"><\/i> Justificaci\u00f3n de los planes formativos[\/vc_column_text][\/vc_column_inner][vc_column_inner width=\u00bb1\/2&#8243;][vc_single_image image=\u00bb6061&#8243; img_size=\u00bbfull\u00bb][\/vc_column_inner][\/vc_row_inner][\/vc_column][\/vc_row][vc_row full_width=\u00bbstretch_row\u00bb css=\u00bb.vc_custom_1521708296014{padding-top: 60px !important;}\u00bb][vc_column][vc_column_text]<\/p>\n<h2 style=\"text-align: center;\">Alquileres<\/h2>\n<p>[\/vc_column_text][vc_row_inner][vc_column_inner width=\u00bb1\/3&#8243;][\/vc_column_inner][vc_column_inner width=\u00bb1\/3&#8243;][vc_separator border_width=\u00bb4&#8243; el_width=\u00bb20&#8243;][\/vc_column_inner][vc_column_inner width=\u00bb1\/3&#8243;][\/vc_column_inner][\/vc_row_inner][vc_row_inner][vc_column_inner width=\u00bb1\/2&#8243;][vc_single_image image=\u00bb6063&#8243; img_size=\u00bbfull\u00bb][\/vc_column_inner][vc_column_inner width=\u00bb1\/2&#8243;][vc_column_text]<\/p>\n<p style=\"text-align: justify;\">Adem\u00e1s de tareas relativas al desarrollo de planes de formaci\u00f3n propios, colabora y da soporte a terceros en el desarrollo cualquier proceso formativo.<\/p>\n<p>Algunos ejemplos en este sentido podr\u00edan ser:<\/p>\n<p><i class=\"fa fa-angle-right icon-bullet\"><\/i> <strong>Alquiler instalaciones<\/strong> (aulas&#8230;)<br \/>\n<i class=\"fa fa-angle-right icon-bullet\"><\/i> <strong>Alquiler de equipos<\/strong> (ordenadores, videoproyectores, material auxiliar, plataformas de teleformaci\u00f3n,&#8230;)[\/vc_column_text][\/vc_column_inner][\/vc_row_inner][\/vc_column][\/vc_row][vc_row full_width=\u00bbstretch_row\u00bb css=\u00bb.vc_custom_1524217100846{padding-top: 60px !important;padding-bottom: 60px !important;}\u00bb][vc_column][vc_column_text]<\/p>\n<h2 style=\"text-align: center;\">Elaboraci\u00f3n de materiales<\/h2>\n<p>[\/vc_column_text][vc_row_inner][vc_column_inner width=\u00bb1\/3&#8243;][\/vc_column_inner][vc_column_inner width=\u00bb1\/3&#8243;][vc_separator border_width=\u00bb4&#8243; el_width=\u00bb20&#8243;][\/vc_column_inner][vc_column_inner width=\u00bb1\/3&#8243;][\/vc_column_inner][\/vc_row_inner][vc_row_inner][vc_column_inner width=\u00bb1\/2&#8243;][vc_column_text]<i class=\"fa fa-angle-right icon-bullet\"><\/i> Elaboraci\u00f3n de materiales did\u00e1cticos para teleformaci\u00f3n<br \/>\n<i class=\"fa fa-angle-right icon-bullet\"><\/i> Implementaci\u00f3n de aulas virtuales<br \/>\n<i class=\"fa fa-angle-right icon-bullet\"><\/i> Comercializaci\u00f3n de materiales didacticos (libros, aulas virtuales, contenidos digitales)[\/vc_column_text][\/vc_column_inner][vc_column_inner width=\u00bb1\/2&#8243;][vc_single_image image=\u00bb6065&#8243; img_size=\u00bbfull\u00bb][\/vc_column_inner][\/vc_row_inner][\/vc_column][\/vc_row]<\/p>\n","protected":false},"excerpt":{"rendered":"<p>[vc_row full_width=\u00bbstretch_row\u00bb css=\u00bb.vc_custom_1521708296014{padding-top: 60px !important;}\u00bb][vc_column][vc_column_text] Formaci\u00f3n [\/vc_column_text][vc_row_inner][vc_column_inner width=\u00bb1\/3&#8243;][\/vc_column_inner][vc_column_inner width=\u00bb1\/3&#8243;][vc_separator border_width=\u00bb4&#8243; el_width=\u00bb20&#8243;][\/vc_column_inner][vc_column_inner width=\u00bb1\/3&#8243;][\/vc_column_inner][\/vc_row_inner][vc_row_inner][vc_column_inner width=\u00bb1\/2&#8243;][vc_single_image image=\u00bb6130&#8243; img_size=\u00bbfull\u00bb][\/vc_column_inner][vc_column_inner width=\u00bb1\/2&#8243;][vc_column_text] CECCA, ofrece formaci\u00f3n tanto privada como subvencionada. En este sentido elabora planes de formaci\u00f3n de acuerdo con las necesidades de las empresas y\/o alumnos. Imparte cursos de formaci\u00f3n tanto en modalidad Presencial, Teleformaci\u00f3n como mixta. Desarrolla tareas m\u00e1s all\u00e1<a class=\"read-more\" href=\"https:\/\/aula-cecca.es\/wp_xeral_25_02\/servicios\/\">Seguir leyendo <i class=\"fa fa-angle-right fa-lg\"><\/i><\/a><\/p>\n","protected":false},"author":2,"featured_media":0,"parent":0,"menu_order":0,"comment_status":"closed","ping_status":"closed","template":"","meta":{"content-type":"","_monsterinsights_skip_tracking":false,"_monsterinsights_sitenote_active":false,"_monsterinsights_sitenote_note":"","_monsterinsights_sitenote_category":0,"footnotes":""},"yoast_head":"<!-- This site is optimized with the Yoast SEO plugin v22.1 - https:\/\/yoast.com\/wordpress\/plugins\/seo\/ -->\n<title>Servicios - CECCA FORMACI\u00d3N<\/title>\n<meta name=\"robots\" content=\"index, follow, max-snippet:-1, max-image-preview:large, max-video-preview:-1\" \/>\n<link rel=\"canonical\" href=\"https:\/\/aula-cecca.es\/wp_xeral_25_02\/servicios\/\" \/>\n<meta property=\"og:locale\" content=\"es_ES\" \/>\n<meta property=\"og:type\" content=\"article\" \/>\n<meta property=\"og:title\" content=\"Servicios - CECCA FORMACI\u00d3N\" \/>\n<meta property=\"og:description\" content=\"[vc_row full_width=\u00bbstretch_row\u00bb css=\u00bb.vc_custom_1521708296014{padding-top: 60px !important;}\u00bb][vc_column][vc_column_text] Formaci\u00f3n [\/vc_column_text][vc_row_inner][vc_column_inner width=\u00bb1\/3&#8243;][\/vc_column_inner][vc_column_inner width=\u00bb1\/3&#8243;][vc_separator border_width=\u00bb4&#8243; el_width=\u00bb20&#8243;][\/vc_column_inner][vc_column_inner width=\u00bb1\/3&#8243;][\/vc_column_inner][\/vc_row_inner][vc_row_inner][vc_column_inner width=\u00bb1\/2&#8243;][vc_single_image image=\u00bb6130&#8243; img_size=\u00bbfull\u00bb][\/vc_column_inner][vc_column_inner width=\u00bb1\/2&#8243;][vc_column_text] CECCA, ofrece formaci\u00f3n tanto privada como subvencionada. En este sentido elabora planes de formaci\u00f3n de acuerdo con las necesidades de las empresas y\/o alumnos. Imparte cursos de formaci\u00f3n tanto en modalidad Presencial, Teleformaci\u00f3n como mixta. Desarrolla tareas m\u00e1s all\u00e1Seguir leyendo\" \/>\n<meta property=\"og:url\" content=\"https:\/\/aula-cecca.es\/wp_xeral_25_02\/servicios\/\" \/>\n<meta property=\"og:site_name\" content=\"CECCA FORMACI\u00d3N\" \/>\n<meta property=\"article:modified_time\" content=\"2018-04-23T17:00:28+00:00\" \/>\n<meta name=\"twitter:card\" content=\"summary_large_image\" \/>\n<meta name=\"twitter:label1\" content=\"Tiempo de lectura\" \/>\n\t<meta name=\"twitter:data1\" content=\"3 minutos\" \/>\n<script type=\"application\/ld+json\" class=\"yoast-schema-graph\">{\"@context\":\"https:\/\/schema.org\",\"@graph\":[{\"@type\":\"WebPage\",\"@id\":\"https:\/\/aula-cecca.es\/wp_xeral_25_02\/servicios\/\",\"url\":\"https:\/\/aula-cecca.es\/wp_xeral_25_02\/servicios\/\",\"name\":\"Servicios - CECCA FORMACI\u00d3N\",\"isPartOf\":{\"@id\":\"https:\/\/aula-cecca.es\/wp_xeral_25_02\/#website\"},\"datePublished\":\"2018-03-20T18:18:32+00:00\",\"dateModified\":\"2018-04-23T17:00:28+00:00\",\"inLanguage\":\"es\",\"potentialAction\":[{\"@type\":\"ReadAction\",\"target\":[\"https:\/\/aula-cecca.es\/wp_xeral_25_02\/servicios\/\"]}]},{\"@type\":\"WebSite\",\"@id\":\"https:\/\/aula-cecca.es\/wp_xeral_25_02\/#website\",\"url\":\"https:\/\/aula-cecca.es\/wp_xeral_25_02\/\",\"name\":\"CECCA FORMACI\u00d3N\",\"description\":\"CECCA FORMACI\u00d3N centra su actividad en la formaci\u00f3n de trabajadores y est\u00e1 especializada en formaci\u00f3n OnLine\",\"potentialAction\":[{\"@type\":\"SearchAction\",\"target\":{\"@type\":\"EntryPoint\",\"urlTemplate\":\"https:\/\/aula-cecca.es\/wp_xeral_25_02\/?s={search_term_string}\"},\"query-input\":\"required name=search_term_string\"}],\"inLanguage\":\"es\"}]}<\/script>\n<!-- \/ Yoast SEO plugin. -->","yoast_head_json":{"title":"Servicios - CECCA FORMACI\u00d3N","robots":{"index":"index","follow":"follow","max-snippet":"max-snippet:-1","max-image-preview":"max-image-preview:large","max-video-preview":"max-video-preview:-1"},"canonical":"https:\/\/aula-cecca.es\/wp_xeral_25_02\/servicios\/","og_locale":"es_ES","og_type":"article","og_title":"Servicios - CECCA FORMACI\u00d3N","og_description":"[vc_row full_width=\u00bbstretch_row\u00bb css=\u00bb.vc_custom_1521708296014{padding-top: 60px !important;}\u00bb][vc_column][vc_column_text] Formaci\u00f3n [\/vc_column_text][vc_row_inner][vc_column_inner width=\u00bb1\/3&#8243;][\/vc_column_inner][vc_column_inner width=\u00bb1\/3&#8243;][vc_separator border_width=\u00bb4&#8243; el_width=\u00bb20&#8243;][\/vc_column_inner][vc_column_inner width=\u00bb1\/3&#8243;][\/vc_column_inner][\/vc_row_inner][vc_row_inner][vc_column_inner width=\u00bb1\/2&#8243;][vc_single_image image=\u00bb6130&#8243; img_size=\u00bbfull\u00bb][\/vc_column_inner][vc_column_inner width=\u00bb1\/2&#8243;][vc_column_text] CECCA, ofrece formaci\u00f3n tanto privada como subvencionada. En este sentido elabora planes de formaci\u00f3n de acuerdo con las necesidades de las empresas y\/o alumnos. Imparte cursos de formaci\u00f3n tanto en modalidad Presencial, Teleformaci\u00f3n como mixta. Desarrolla tareas m\u00e1s all\u00e1Seguir leyendo","og_url":"https:\/\/aula-cecca.es\/wp_xeral_25_02\/servicios\/","og_site_name":"CECCA FORMACI\u00d3N","article_modified_time":"2018-04-23T17:00:28+00:00","twitter_card":"summary_large_image","twitter_misc":{"Tiempo de lectura":"3 minutos"},"schema":{"@context":"https:\/\/schema.org","@graph":[{"@type":"WebPage","@id":"https:\/\/aula-cecca.es\/wp_xeral_25_02\/servicios\/","url":"https:\/\/aula-cecca.es\/wp_xeral_25_02\/servicios\/","name":"Servicios - CECCA FORMACI\u00d3N","isPartOf":{"@id":"https:\/\/aula-cecca.es\/wp_xeral_25_02\/#website"},"datePublished":"2018-03-20T18:18:32+00:00","dateModified":"2018-04-23T17:00:28+00:00","inLanguage":"es","potentialAction":[{"@type":"ReadAction","target":["https:\/\/aula-cecca.es\/wp_xeral_25_02\/servicios\/"]}]},{"@type":"WebSite","@id":"https:\/\/aula-cecca.es\/wp_xeral_25_02\/#website","url":"https:\/\/aula-cecca.es\/wp_xeral_25_02\/","name":"CECCA FORMACI\u00d3N","description":"CECCA FORMACI\u00d3N centra su actividad en la formaci\u00f3n de trabajadores y est\u00e1 especializada en formaci\u00f3n OnLine","potentialAction":[{"@type":"SearchAction","target":{"@type":"EntryPoint","urlTemplate":"https:\/\/aula-cecca.es\/wp_xeral_25_02\/?s={search_term_string}"},"query-input":"required name=search_term_string"}],"inLanguage":"es"}]}},"_links":{"self":[{"href":"https:\/\/aula-cecca.es\/wp_xeral_25_02\/wp-json\/wp\/v2\/pages\/5788"}],"collection":[{"href":"https:\/\/aula-cecca.es\/wp_xeral_25_02\/wp-json\/wp\/v2\/pages"}],"about":[{"href":"https:\/\/aula-cecca.es\/wp_xeral_25_02\/wp-json\/wp\/v2\/types\/page"}],"author":[{"embeddable":true,"href":"https:\/\/aula-cecca.es\/wp_xeral_25_02\/wp-json\/wp\/v2\/users\/2"}],"replies":[{"embeddable":true,"href":"https:\/\/aula-cecca.es\/wp_xeral_25_02\/wp-json\/wp\/v2\/comments?post=5788"}],"version-history":[{"count":15,"href":"https:\/\/aula-cecca.es\/wp_xeral_25_02\/wp-json\/wp\/v2\/pages\/5788\/revisions"}],"predecessor-version":[{"id":6131,"href":"https:\/\/aula-cecca.es\/wp_xeral_25_02\/wp-json\/wp\/v2\/pages\/5788\/revisions\/6131"}],"wp:attachment":[{"href":"https:\/\/aula-cecca.es\/wp_xeral_25_02\/wp-json\/wp\/v2\/media?parent=5788"}],"curies":[{"name":"wp","href":"https:\/\/api.w.org\/{rel}","templated":true}]}}