{"id":5828,"date":"2018-03-22T10:11:27","date_gmt":"2018-03-22T09:11:27","guid":{"rendered":"http:\/\/cecca.cloudxeral.com\/?page_id=5828"},"modified":"2018-04-23T19:03:28","modified_gmt":"2018-04-23T17:03:28","slug":"recursos-didacticos-humanos-y-materiales","status":"publish","type":"page","link":"https:\/\/aula-cecca.es\/wp_xeral_25_02\/recursos-didacticos-humanos-y-materiales\/","title":{"rendered":"Recursos did\u00e1cticos, humanos y materiales"},"content":{"rendered":"<p>[vc_row css=\u00bb.vc_custom_1524217127774{padding-top: 60px !important;padding-bottom: 60px !important;}\u00bb][vc_column width=\u00bb1\/2&#8243;][vc_single_image image=\u00bb6133&#8243; img_size=\u00bbfull\u00bb][\/vc_column][vc_column width=\u00bb1\/2&#8243;][vc_column_text]<\/p>\n<p style=\"text-align: justify;\"><strong>CECCA formaci\u00f3n<\/strong> dispone de <strong>recursos<\/strong>, tanto humanos como materiales, para poder ofrecer una formaci\u00f3n de calidad y acorde con las exigencias del mercado laboral.<\/p>\n<p style=\"text-align: justify;\">Cuenta con profesores, tutores, profesionales\u2026 con una formaci\u00f3n s\u00f3lida y una dilatada <strong>experiencia <\/strong>en materia de <strong>formaci\u00f3n<\/strong>, as\u00ed como con la confianza de una amplia red de clientes (empresas, organizaciones,\u2026 ) a los que imparte, a\u00f1o tras a\u00f1o, la formaci\u00f3n que precisan.<\/p>\n<p style=\"text-align: justify;\">En este sentido ha constituido una <strong>agrupaci\u00f3n de empresas<\/strong> en constante crecimiento concebida con fines formativos y, a la que cualquier empresa puede adherirse para recibir, de <strong>forma gratuita,<\/strong> la formaci\u00f3n necesaria en cualquier \u00e1mbito.<\/p>\n<p style=\"text-align: justify;\">Dispone, de igual modo, de recursos materiales (aulas, ordenadores, plataformas de teleformaci\u00f3n,\u2026 material bibliogr\u00e1fico\u2026.) para el desarrollo de la actividad y cuenta con instalaciones en r\u00e9gimen de alquiler en diversas localidades en distintos puntos de la comunidad.<\/p>\n<p>[\/vc_column_text][\/vc_column][\/vc_row]<\/p>\n","protected":false},"excerpt":{"rendered":"<p>[vc_row css=\u00bb.vc_custom_1524217127774{padding-top: 60px !important;padding-bottom: 60px !important;}\u00bb][vc_column width=\u00bb1\/2&#8243;][vc_single_image image=\u00bb6133&#8243; img_size=\u00bbfull\u00bb][\/vc_column][vc_column width=\u00bb1\/2&#8243;][vc_column_text] CECCA formaci\u00f3n dispone de recursos, tanto humanos como materiales, para poder ofrecer una formaci\u00f3n de calidad y acorde con las exigencias del mercado laboral. Cuenta con profesores, tutores, profesionales\u2026 con una formaci\u00f3n s\u00f3lida y una dilatada experiencia en materia de formaci\u00f3n, as\u00ed como con la<a class=\"read-more\" href=\"https:\/\/aula-cecca.es\/wp_xeral_25_02\/recursos-didacticos-humanos-y-materiales\/\">Seguir leyendo <i class=\"fa fa-angle-right fa-lg\"><\/i><\/a><\/p>\n","protected":false},"author":2,"featured_media":0,"parent":0,"menu_order":0,"comment_status":"closed","ping_status":"closed","template":"","meta":{"content-type":"","_monsterinsights_skip_tracking":false,"_monsterinsights_sitenote_active":false,"_monsterinsights_sitenote_note":"","_monsterinsights_sitenote_category":0,"footnotes":""},"yoast_head":"<!-- This site is optimized with the Yoast SEO plugin v22.1 - https:\/\/yoast.com\/wordpress\/plugins\/seo\/ -->\n<title>Recursos did\u00e1cticos, humanos y materiales - CECCA FORMACI\u00d3N<\/title>\n<meta name=\"robots\" content=\"index, follow, max-snippet:-1, max-image-preview:large, max-video-preview:-1\" \/>\n<link rel=\"canonical\" href=\"https:\/\/aula-cecca.es\/wp_xeral_25_02\/recursos-didacticos-humanos-y-materiales\/\" \/>\n<meta property=\"og:locale\" content=\"es_ES\" \/>\n<meta property=\"og:type\" content=\"article\" \/>\n<meta property=\"og:title\" content=\"Recursos did\u00e1cticos, humanos y materiales - CECCA FORMACI\u00d3N\" \/>\n<meta property=\"og:description\" content=\"[vc_row css=\u00bb.vc_custom_1524217127774{padding-top: 60px !important;padding-bottom: 60px !important;}\u00bb][vc_column width=\u00bb1\/2&#8243;][vc_single_image image=\u00bb6133&#8243; img_size=\u00bbfull\u00bb][\/vc_column][vc_column width=\u00bb1\/2&#8243;][vc_column_text] CECCA formaci\u00f3n dispone de recursos, tanto humanos como materiales, para poder ofrecer una formaci\u00f3n de calidad y acorde con las exigencias del mercado laboral. Cuenta con profesores, tutores, profesionales\u2026 con una formaci\u00f3n s\u00f3lida y una dilatada experiencia en materia de formaci\u00f3n, as\u00ed como con laSeguir leyendo\" \/>\n<meta property=\"og:url\" content=\"https:\/\/aula-cecca.es\/wp_xeral_25_02\/recursos-didacticos-humanos-y-materiales\/\" \/>\n<meta property=\"og:site_name\" content=\"CECCA FORMACI\u00d3N\" \/>\n<meta property=\"article:modified_time\" content=\"2018-04-23T17:03:28+00:00\" \/>\n<meta name=\"twitter:card\" content=\"summary_large_image\" \/>\n<meta name=\"twitter:label1\" content=\"Tiempo de lectura\" \/>\n\t<meta name=\"twitter:data1\" content=\"1 minuto\" \/>\n<script type=\"application\/ld+json\" class=\"yoast-schema-graph\">{\"@context\":\"https:\/\/schema.org\",\"@graph\":[{\"@type\":\"WebPage\",\"@id\":\"https:\/\/aula-cecca.es\/wp_xeral_25_02\/recursos-didacticos-humanos-y-materiales\/\",\"url\":\"https:\/\/aula-cecca.es\/wp_xeral_25_02\/recursos-didacticos-humanos-y-materiales\/\",\"name\":\"Recursos did\u00e1cticos, humanos y materiales - CECCA FORMACI\u00d3N\",\"isPartOf\":{\"@id\":\"https:\/\/aula-cecca.es\/wp_xeral_25_02\/#website\"},\"datePublished\":\"2018-03-22T09:11:27+00:00\",\"dateModified\":\"2018-04-23T17:03:28+00:00\",\"inLanguage\":\"es\",\"potentialAction\":[{\"@type\":\"ReadAction\",\"target\":[\"https:\/\/aula-cecca.es\/wp_xeral_25_02\/recursos-didacticos-humanos-y-materiales\/\"]}]},{\"@type\":\"WebSite\",\"@id\":\"https:\/\/aula-cecca.es\/wp_xeral_25_02\/#website\",\"url\":\"https:\/\/aula-cecca.es\/wp_xeral_25_02\/\",\"name\":\"CECCA FORMACI\u00d3N\",\"description\":\"CECCA FORMACI\u00d3N centra su actividad en la formaci\u00f3n de trabajadores y est\u00e1 especializada en formaci\u00f3n OnLine\",\"potentialAction\":[{\"@type\":\"SearchAction\",\"target\":{\"@type\":\"EntryPoint\",\"urlTemplate\":\"https:\/\/aula-cecca.es\/wp_xeral_25_02\/?s={search_term_string}\"},\"query-input\":\"required name=search_term_string\"}],\"inLanguage\":\"es\"}]}<\/script>\n<!-- \/ Yoast SEO plugin. -->","yoast_head_json":{"title":"Recursos did\u00e1cticos, humanos y materiales - CECCA FORMACI\u00d3N","robots":{"index":"index","follow":"follow","max-snippet":"max-snippet:-1","max-image-preview":"max-image-preview:large","max-video-preview":"max-video-preview:-1"},"canonical":"https:\/\/aula-cecca.es\/wp_xeral_25_02\/recursos-didacticos-humanos-y-materiales\/","og_locale":"es_ES","og_type":"article","og_title":"Recursos did\u00e1cticos, humanos y materiales - CECCA FORMACI\u00d3N","og_description":"[vc_row css=\u00bb.vc_custom_1524217127774{padding-top: 60px !important;padding-bottom: 60px !important;}\u00bb][vc_column width=\u00bb1\/2&#8243;][vc_single_image image=\u00bb6133&#8243; img_size=\u00bbfull\u00bb][\/vc_column][vc_column width=\u00bb1\/2&#8243;][vc_column_text] CECCA formaci\u00f3n dispone de recursos, tanto humanos como materiales, para poder ofrecer una formaci\u00f3n de calidad y acorde con las exigencias del mercado laboral. Cuenta con profesores, tutores, profesionales\u2026 con una formaci\u00f3n s\u00f3lida y una dilatada experiencia en materia de formaci\u00f3n, as\u00ed como con laSeguir leyendo","og_url":"https:\/\/aula-cecca.es\/wp_xeral_25_02\/recursos-didacticos-humanos-y-materiales\/","og_site_name":"CECCA FORMACI\u00d3N","article_modified_time":"2018-04-23T17:03:28+00:00","twitter_card":"summary_large_image","twitter_misc":{"Tiempo de lectura":"1 minuto"},"schema":{"@context":"https:\/\/schema.org","@graph":[{"@type":"WebPage","@id":"https:\/\/aula-cecca.es\/wp_xeral_25_02\/recursos-didacticos-humanos-y-materiales\/","url":"https:\/\/aula-cecca.es\/wp_xeral_25_02\/recursos-didacticos-humanos-y-materiales\/","name":"Recursos did\u00e1cticos, humanos y materiales - CECCA FORMACI\u00d3N","isPartOf":{"@id":"https:\/\/aula-cecca.es\/wp_xeral_25_02\/#website"},"datePublished":"2018-03-22T09:11:27+00:00","dateModified":"2018-04-23T17:03:28+00:00","inLanguage":"es","potentialAction":[{"@type":"ReadAction","target":["https:\/\/aula-cecca.es\/wp_xeral_25_02\/recursos-didacticos-humanos-y-materiales\/"]}]},{"@type":"WebSite","@id":"https:\/\/aula-cecca.es\/wp_xeral_25_02\/#website","url":"https:\/\/aula-cecca.es\/wp_xeral_25_02\/","name":"CECCA FORMACI\u00d3N","description":"CECCA FORMACI\u00d3N centra su actividad en la formaci\u00f3n de trabajadores y est\u00e1 especializada en formaci\u00f3n OnLine","potentialAction":[{"@type":"SearchAction","target":{"@type":"EntryPoint","urlTemplate":"https:\/\/aula-cecca.es\/wp_xeral_25_02\/?s={search_term_string}"},"query-input":"required name=search_term_string"}],"inLanguage":"es"}]}},"_links":{"self":[{"href":"https:\/\/aula-cecca.es\/wp_xeral_25_02\/wp-json\/wp\/v2\/pages\/5828"}],"collection":[{"href":"https:\/\/aula-cecca.es\/wp_xeral_25_02\/wp-json\/wp\/v2\/pages"}],"about":[{"href":"https:\/\/aula-cecca.es\/wp_xeral_25_02\/wp-json\/wp\/v2\/types\/page"}],"author":[{"embeddable":true,"href":"https:\/\/aula-cecca.es\/wp_xeral_25_02\/wp-json\/wp\/v2\/users\/2"}],"replies":[{"embeddable":true,"href":"https:\/\/aula-cecca.es\/wp_xeral_25_02\/wp-json\/wp\/v2\/comments?post=5828"}],"version-history":[{"count":6,"href":"https:\/\/aula-cecca.es\/wp_xeral_25_02\/wp-json\/wp\/v2\/pages\/5828\/revisions"}],"predecessor-version":[{"id":6135,"href":"https:\/\/aula-cecca.es\/wp_xeral_25_02\/wp-json\/wp\/v2\/pages\/5828\/revisions\/6135"}],"wp:attachment":[{"href":"https:\/\/aula-cecca.es\/wp_xeral_25_02\/wp-json\/wp\/v2\/media?parent=5828"}],"curies":[{"name":"wp","href":"https:\/\/api.w.org\/{rel}","templated":true}]}}