{"id":5996,"date":"2018-04-18T11:19:42","date_gmt":"2018-04-18T09:19:42","guid":{"rendered":"http:\/\/cecca.cloudxeral.com\/?page_id=5996"},"modified":"2018-04-20T11:34:41","modified_gmt":"2018-04-20T09:34:41","slug":"oposiciones","status":"publish","type":"page","link":"https:\/\/aula-cecca.es\/wp_xeral_25_02\/oposiciones\/","title":{"rendered":"Oposiciones"},"content":{"rendered":"<p>[vc_row css=\u00bb.vc_custom_1524216997143{padding-top: 60px !important;padding-bottom: 60px !important;}\u00bb][vc_column width=\u00bb1\/2&#8243;][vc_single_image image=\u00bb6040&#8243; img_size=\u00bbfull\u00bb][\/vc_column][vc_column width=\u00bb1\/2&#8243;][vc_column_text]<\/p>\n<p style=\"text-align: justify;\">La<strong> PREPARACI\u00d3N DE OPOSICIONES<\/strong> ha sido otra \u00e1rea de inter\u00e9s en la actividad de CECCA-formaci\u00f3n.<\/p>\n<p style=\"text-align: justify;\">Han sido varias las categor\u00edas en las que se ha trabajado a lo largo de nuestra existencia como centro de formaci\u00f3n (celadores, auxiliares administrativos, administrativos, t\u00e9cnicos de laboratorio, auxiliares de enfermer\u00eda, guardia civil&#8230;) y varias las administraci\u00f3nes para las que se han preparado oposiciones (SERGAS, Xunta de Galicia, Inserso, Ayuntamientos,&#8230;) con unos resultados realmente buenos.<\/p>\n<p style=\"text-align: justify;\">Concretamente, la preparaci\u00f3n <strong>AUXILIAR DE ENFERMER\u00cdA<\/strong> (fundamentalmente para el <strong>SERGAS<\/strong>), ha sido una de las actividades m\u00e1s demandadas desde el inicio de la actividad con tasas de aprobados realmente elevadas (casi nunca inferior al 95% y en varias convocatorias del 100% de aprobados).<\/p>\n<p>[\/vc_column_text][\/vc_column][\/vc_row]<\/p>\n","protected":false},"excerpt":{"rendered":"<p>[vc_row css=\u00bb.vc_custom_1524216997143{padding-top: 60px !important;padding-bottom: 60px !important;}\u00bb][vc_column width=\u00bb1\/2&#8243;][vc_single_image image=\u00bb6040&#8243; img_size=\u00bbfull\u00bb][\/vc_column][vc_column width=\u00bb1\/2&#8243;][vc_column_text] La PREPARACI\u00d3N DE OPOSICIONES ha sido otra \u00e1rea de inter\u00e9s en la actividad de CECCA-formaci\u00f3n. Han sido varias las categor\u00edas en las que se ha trabajado a lo largo de nuestra existencia como centro de formaci\u00f3n (celadores, auxiliares administrativos, administrativos, t\u00e9cnicos de laboratorio, auxiliares de<a class=\"read-more\" href=\"https:\/\/aula-cecca.es\/wp_xeral_25_02\/oposiciones\/\">Seguir leyendo <i class=\"fa fa-angle-right fa-lg\"><\/i><\/a><\/p>\n","protected":false},"author":2,"featured_media":0,"parent":0,"menu_order":0,"comment_status":"closed","ping_status":"closed","template":"","meta":{"content-type":"","_monsterinsights_skip_tracking":false,"_monsterinsights_sitenote_active":false,"_monsterinsights_sitenote_note":"","_monsterinsights_sitenote_category":0,"footnotes":""},"yoast_head":"<!-- This site is optimized with the Yoast SEO plugin v22.1 - https:\/\/yoast.com\/wordpress\/plugins\/seo\/ -->\n<title>Oposiciones - CECCA FORMACI\u00d3N<\/title>\n<meta name=\"robots\" content=\"index, follow, max-snippet:-1, max-image-preview:large, max-video-preview:-1\" \/>\n<link rel=\"canonical\" href=\"https:\/\/aula-cecca.es\/wp_xeral_25_02\/oposiciones\/\" \/>\n<meta property=\"og:locale\" content=\"es_ES\" \/>\n<meta property=\"og:type\" content=\"article\" \/>\n<meta property=\"og:title\" content=\"Oposiciones - CECCA FORMACI\u00d3N\" \/>\n<meta property=\"og:description\" content=\"[vc_row css=\u00bb.vc_custom_1524216997143{padding-top: 60px !important;padding-bottom: 60px !important;}\u00bb][vc_column width=\u00bb1\/2&#8243;][vc_single_image image=\u00bb6040&#8243; img_size=\u00bbfull\u00bb][\/vc_column][vc_column width=\u00bb1\/2&#8243;][vc_column_text] La PREPARACI\u00d3N DE OPOSICIONES ha sido otra \u00e1rea de inter\u00e9s en la actividad de CECCA-formaci\u00f3n. Han sido varias las categor\u00edas en las que se ha trabajado a lo largo de nuestra existencia como centro de formaci\u00f3n (celadores, auxiliares administrativos, administrativos, t\u00e9cnicos de laboratorio, auxiliares deSeguir leyendo\" \/>\n<meta property=\"og:url\" content=\"https:\/\/aula-cecca.es\/wp_xeral_25_02\/oposiciones\/\" \/>\n<meta property=\"og:site_name\" content=\"CECCA FORMACI\u00d3N\" \/>\n<meta property=\"article:modified_time\" content=\"2018-04-20T09:34:41+00:00\" \/>\n<meta name=\"twitter:card\" content=\"summary_large_image\" \/>\n<meta name=\"twitter:label1\" content=\"Tiempo de lectura\" \/>\n\t<meta name=\"twitter:data1\" content=\"1 minuto\" \/>\n<script type=\"application\/ld+json\" class=\"yoast-schema-graph\">{\"@context\":\"https:\/\/schema.org\",\"@graph\":[{\"@type\":\"WebPage\",\"@id\":\"https:\/\/aula-cecca.es\/wp_xeral_25_02\/oposiciones\/\",\"url\":\"https:\/\/aula-cecca.es\/wp_xeral_25_02\/oposiciones\/\",\"name\":\"Oposiciones - CECCA FORMACI\u00d3N\",\"isPartOf\":{\"@id\":\"https:\/\/aula-cecca.es\/wp_xeral_25_02\/#website\"},\"datePublished\":\"2018-04-18T09:19:42+00:00\",\"dateModified\":\"2018-04-20T09:34:41+00:00\",\"inLanguage\":\"es\",\"potentialAction\":[{\"@type\":\"ReadAction\",\"target\":[\"https:\/\/aula-cecca.es\/wp_xeral_25_02\/oposiciones\/\"]}]},{\"@type\":\"WebSite\",\"@id\":\"https:\/\/aula-cecca.es\/wp_xeral_25_02\/#website\",\"url\":\"https:\/\/aula-cecca.es\/wp_xeral_25_02\/\",\"name\":\"CECCA FORMACI\u00d3N\",\"description\":\"CECCA FORMACI\u00d3N centra su actividad en la formaci\u00f3n de trabajadores y est\u00e1 especializada en formaci\u00f3n OnLine\",\"potentialAction\":[{\"@type\":\"SearchAction\",\"target\":{\"@type\":\"EntryPoint\",\"urlTemplate\":\"https:\/\/aula-cecca.es\/wp_xeral_25_02\/?s={search_term_string}\"},\"query-input\":\"required name=search_term_string\"}],\"inLanguage\":\"es\"}]}<\/script>\n<!-- \/ Yoast SEO plugin. -->","yoast_head_json":{"title":"Oposiciones - CECCA FORMACI\u00d3N","robots":{"index":"index","follow":"follow","max-snippet":"max-snippet:-1","max-image-preview":"max-image-preview:large","max-video-preview":"max-video-preview:-1"},"canonical":"https:\/\/aula-cecca.es\/wp_xeral_25_02\/oposiciones\/","og_locale":"es_ES","og_type":"article","og_title":"Oposiciones - CECCA FORMACI\u00d3N","og_description":"[vc_row css=\u00bb.vc_custom_1524216997143{padding-top: 60px !important;padding-bottom: 60px !important;}\u00bb][vc_column width=\u00bb1\/2&#8243;][vc_single_image image=\u00bb6040&#8243; img_size=\u00bbfull\u00bb][\/vc_column][vc_column width=\u00bb1\/2&#8243;][vc_column_text] La PREPARACI\u00d3N DE OPOSICIONES ha sido otra \u00e1rea de inter\u00e9s en la actividad de CECCA-formaci\u00f3n. Han sido varias las categor\u00edas en las que se ha trabajado a lo largo de nuestra existencia como centro de formaci\u00f3n (celadores, auxiliares administrativos, administrativos, t\u00e9cnicos de laboratorio, auxiliares deSeguir leyendo","og_url":"https:\/\/aula-cecca.es\/wp_xeral_25_02\/oposiciones\/","og_site_name":"CECCA FORMACI\u00d3N","article_modified_time":"2018-04-20T09:34:41+00:00","twitter_card":"summary_large_image","twitter_misc":{"Tiempo de lectura":"1 minuto"},"schema":{"@context":"https:\/\/schema.org","@graph":[{"@type":"WebPage","@id":"https:\/\/aula-cecca.es\/wp_xeral_25_02\/oposiciones\/","url":"https:\/\/aula-cecca.es\/wp_xeral_25_02\/oposiciones\/","name":"Oposiciones - CECCA FORMACI\u00d3N","isPartOf":{"@id":"https:\/\/aula-cecca.es\/wp_xeral_25_02\/#website"},"datePublished":"2018-04-18T09:19:42+00:00","dateModified":"2018-04-20T09:34:41+00:00","inLanguage":"es","potentialAction":[{"@type":"ReadAction","target":["https:\/\/aula-cecca.es\/wp_xeral_25_02\/oposiciones\/"]}]},{"@type":"WebSite","@id":"https:\/\/aula-cecca.es\/wp_xeral_25_02\/#website","url":"https:\/\/aula-cecca.es\/wp_xeral_25_02\/","name":"CECCA FORMACI\u00d3N","description":"CECCA FORMACI\u00d3N centra su actividad en la formaci\u00f3n de trabajadores y est\u00e1 especializada en formaci\u00f3n OnLine","potentialAction":[{"@type":"SearchAction","target":{"@type":"EntryPoint","urlTemplate":"https:\/\/aula-cecca.es\/wp_xeral_25_02\/?s={search_term_string}"},"query-input":"required name=search_term_string"}],"inLanguage":"es"}]}},"_links":{"self":[{"href":"https:\/\/aula-cecca.es\/wp_xeral_25_02\/wp-json\/wp\/v2\/pages\/5996"}],"collection":[{"href":"https:\/\/aula-cecca.es\/wp_xeral_25_02\/wp-json\/wp\/v2\/pages"}],"about":[{"href":"https:\/\/aula-cecca.es\/wp_xeral_25_02\/wp-json\/wp\/v2\/types\/page"}],"author":[{"embeddable":true,"href":"https:\/\/aula-cecca.es\/wp_xeral_25_02\/wp-json\/wp\/v2\/users\/2"}],"replies":[{"embeddable":true,"href":"https:\/\/aula-cecca.es\/wp_xeral_25_02\/wp-json\/wp\/v2\/comments?post=5996"}],"version-history":[{"count":6,"href":"https:\/\/aula-cecca.es\/wp_xeral_25_02\/wp-json\/wp\/v2\/pages\/5996\/revisions"}],"predecessor-version":[{"id":6091,"href":"https:\/\/aula-cecca.es\/wp_xeral_25_02\/wp-json\/wp\/v2\/pages\/5996\/revisions\/6091"}],"wp:attachment":[{"href":"https:\/\/aula-cecca.es\/wp_xeral_25_02\/wp-json\/wp\/v2\/media?parent=5996"}],"curies":[{"name":"wp","href":"https:\/\/api.w.org\/{rel}","templated":true}]}}