{"id":6106,"date":"2018-04-23T09:32:14","date_gmt":"2018-04-23T07:32:14","guid":{"rendered":"http:\/\/cecca.cloudxeral.com\/?page_id=6106"},"modified":"2018-04-23T09:32:36","modified_gmt":"2018-04-23T07:32:36","slug":"aula-virtual-autoescuela","status":"publish","type":"page","link":"https:\/\/aula-cecca.es\/wp_xeral_25_02\/aula-virtual-autoescuela\/","title":{"rendered":"Aula virtual autoescuela"},"content":{"rendered":"<p>[vc_row css=\u00bb.vc_custom_1524216947214{padding-top: 60px !important;padding-bottom: 60px !important;}\u00bb][vc_column width=\u00bb1\/2&#8243;][vc_single_image image=\u00bb6081&#8243; img_size=\u00bbfull\u00bb][\/vc_column][vc_column width=\u00bb1\/2&#8243;][vc_column_text]<\/p>\n<h3 style=\"text-align: left;\">AULA VIRTUAL AUTOESCUELA<\/h3>\n<p>[\/vc_column_text][vc_row_inner][vc_column_inner width=\u00bb1\/3&#8243;][vc_separator align=\u00bbalign_left\u00bb border_width=\u00bb4&#8243; el_width=\u00bb20&#8243;][\/vc_column_inner][vc_column_inner width=\u00bb1\/3&#8243;][\/vc_column_inner][vc_column_inner width=\u00bb1\/3&#8243;][\/vc_column_inner][\/vc_row_inner][vc_btn title=\u00bbACCEDER\u00bb style=\u00bboutline\u00bb align=\u00bbleft\u00bb link=\u00bb||target:%20_blank|\u00bb][\/vc_column][\/vc_row]<\/p>\n","protected":false},"excerpt":{"rendered":"<p>[vc_row css=\u00bb.vc_custom_1524216947214{padding-top: 60px !important;padding-bottom: 60px !important;}\u00bb][vc_column width=\u00bb1\/2&#8243;][vc_single_image image=\u00bb6081&#8243; img_size=\u00bbfull\u00bb][\/vc_column][vc_column width=\u00bb1\/2&#8243;][vc_column_text] AULA VIRTUAL AUTOESCUELA [\/vc_column_text][vc_row_inner][vc_column_inner width=\u00bb1\/3&#8243;][vc_separator align=\u00bbalign_left\u00bb border_width=\u00bb4&#8243; el_width=\u00bb20&#8243;][\/vc_column_inner][vc_column_inner width=\u00bb1\/3&#8243;][\/vc_column_inner][vc_column_inner width=\u00bb1\/3&#8243;][\/vc_column_inner][\/vc_row_inner][vc_btn title=\u00bbACCEDER\u00bb style=\u00bboutline\u00bb align=\u00bbleft\u00bb link=\u00bb||target:%20_blank|\u00bb][\/vc_column][\/vc_row]<\/p>\n","protected":false},"author":2,"featured_media":0,"parent":0,"menu_order":0,"comment_status":"closed","ping_status":"closed","template":"","meta":{"content-type":"","_monsterinsights_skip_tracking":false,"_monsterinsights_sitenote_active":false,"_monsterinsights_sitenote_note":"","_monsterinsights_sitenote_category":0,"footnotes":""},"yoast_head":"<!-- This site is optimized with the Yoast SEO plugin v22.1 - https:\/\/yoast.com\/wordpress\/plugins\/seo\/ -->\n<title>Aula virtual autoescuela - CECCA FORMACI\u00d3N<\/title>\n<meta name=\"robots\" content=\"index, follow, max-snippet:-1, max-image-preview:large, max-video-preview:-1\" \/>\n<link rel=\"canonical\" href=\"https:\/\/aula-cecca.es\/wp_xeral_25_02\/aula-virtual-autoescuela\/\" \/>\n<meta property=\"og:locale\" content=\"es_ES\" \/>\n<meta property=\"og:type\" content=\"article\" \/>\n<meta property=\"og:title\" content=\"Aula virtual autoescuela - CECCA FORMACI\u00d3N\" \/>\n<meta property=\"og:description\" content=\"[vc_row css=\u00bb.vc_custom_1524216947214{padding-top: 60px !important;padding-bottom: 60px !important;}\u00bb][vc_column width=\u00bb1\/2&#8243;][vc_single_image image=\u00bb6081&#8243; img_size=\u00bbfull\u00bb][\/vc_column][vc_column width=\u00bb1\/2&#8243;][vc_column_text] AULA VIRTUAL AUTOESCUELA [\/vc_column_text][vc_row_inner][vc_column_inner width=\u00bb1\/3&#8243;][vc_separator align=\u00bbalign_left\u00bb border_width=\u00bb4&#8243; el_width=\u00bb20&#8243;][\/vc_column_inner][vc_column_inner width=\u00bb1\/3&#8243;][\/vc_column_inner][vc_column_inner width=\u00bb1\/3&#8243;][\/vc_column_inner][\/vc_row_inner][vc_btn title=\u00bbACCEDER\u00bb style=\u00bboutline\u00bb align=\u00bbleft\u00bb link=\u00bb||target:%20_blank|\u00bb][\/vc_column][\/vc_row]\" \/>\n<meta property=\"og:url\" content=\"https:\/\/aula-cecca.es\/wp_xeral_25_02\/aula-virtual-autoescuela\/\" \/>\n<meta property=\"og:site_name\" content=\"CECCA FORMACI\u00d3N\" \/>\n<meta property=\"article:modified_time\" content=\"2018-04-23T07:32:36+00:00\" \/>\n<meta name=\"twitter:card\" content=\"summary_large_image\" \/>\n<script type=\"application\/ld+json\" class=\"yoast-schema-graph\">{\"@context\":\"https:\/\/schema.org\",\"@graph\":[{\"@type\":\"WebPage\",\"@id\":\"https:\/\/aula-cecca.es\/wp_xeral_25_02\/aula-virtual-autoescuela\/\",\"url\":\"https:\/\/aula-cecca.es\/wp_xeral_25_02\/aula-virtual-autoescuela\/\",\"name\":\"Aula virtual autoescuela - CECCA FORMACI\u00d3N\",\"isPartOf\":{\"@id\":\"https:\/\/aula-cecca.es\/wp_xeral_25_02\/#website\"},\"datePublished\":\"2018-04-23T07:32:14+00:00\",\"dateModified\":\"2018-04-23T07:32:36+00:00\",\"inLanguage\":\"es\",\"potentialAction\":[{\"@type\":\"ReadAction\",\"target\":[\"https:\/\/aula-cecca.es\/wp_xeral_25_02\/aula-virtual-autoescuela\/\"]}]},{\"@type\":\"WebSite\",\"@id\":\"https:\/\/aula-cecca.es\/wp_xeral_25_02\/#website\",\"url\":\"https:\/\/aula-cecca.es\/wp_xeral_25_02\/\",\"name\":\"CECCA FORMACI\u00d3N\",\"description\":\"CECCA FORMACI\u00d3N centra su actividad en la formaci\u00f3n de trabajadores y est\u00e1 especializada en formaci\u00f3n OnLine\",\"potentialAction\":[{\"@type\":\"SearchAction\",\"target\":{\"@type\":\"EntryPoint\",\"urlTemplate\":\"https:\/\/aula-cecca.es\/wp_xeral_25_02\/?s={search_term_string}\"},\"query-input\":\"required name=search_term_string\"}],\"inLanguage\":\"es\"}]}<\/script>\n<!-- \/ Yoast SEO plugin. -->","yoast_head_json":{"title":"Aula virtual autoescuela - CECCA FORMACI\u00d3N","robots":{"index":"index","follow":"follow","max-snippet":"max-snippet:-1","max-image-preview":"max-image-preview:large","max-video-preview":"max-video-preview:-1"},"canonical":"https:\/\/aula-cecca.es\/wp_xeral_25_02\/aula-virtual-autoescuela\/","og_locale":"es_ES","og_type":"article","og_title":"Aula virtual autoescuela - CECCA FORMACI\u00d3N","og_description":"[vc_row css=\u00bb.vc_custom_1524216947214{padding-top: 60px !important;padding-bottom: 60px !important;}\u00bb][vc_column width=\u00bb1\/2&#8243;][vc_single_image image=\u00bb6081&#8243; img_size=\u00bbfull\u00bb][\/vc_column][vc_column width=\u00bb1\/2&#8243;][vc_column_text] AULA VIRTUAL AUTOESCUELA [\/vc_column_text][vc_row_inner][vc_column_inner width=\u00bb1\/3&#8243;][vc_separator align=\u00bbalign_left\u00bb border_width=\u00bb4&#8243; el_width=\u00bb20&#8243;][\/vc_column_inner][vc_column_inner width=\u00bb1\/3&#8243;][\/vc_column_inner][vc_column_inner width=\u00bb1\/3&#8243;][\/vc_column_inner][\/vc_row_inner][vc_btn title=\u00bbACCEDER\u00bb style=\u00bboutline\u00bb align=\u00bbleft\u00bb link=\u00bb||target:%20_blank|\u00bb][\/vc_column][\/vc_row]","og_url":"https:\/\/aula-cecca.es\/wp_xeral_25_02\/aula-virtual-autoescuela\/","og_site_name":"CECCA FORMACI\u00d3N","article_modified_time":"2018-04-23T07:32:36+00:00","twitter_card":"summary_large_image","schema":{"@context":"https:\/\/schema.org","@graph":[{"@type":"WebPage","@id":"https:\/\/aula-cecca.es\/wp_xeral_25_02\/aula-virtual-autoescuela\/","url":"https:\/\/aula-cecca.es\/wp_xeral_25_02\/aula-virtual-autoescuela\/","name":"Aula virtual autoescuela - CECCA FORMACI\u00d3N","isPartOf":{"@id":"https:\/\/aula-cecca.es\/wp_xeral_25_02\/#website"},"datePublished":"2018-04-23T07:32:14+00:00","dateModified":"2018-04-23T07:32:36+00:00","inLanguage":"es","potentialAction":[{"@type":"ReadAction","target":["https:\/\/aula-cecca.es\/wp_xeral_25_02\/aula-virtual-autoescuela\/"]}]},{"@type":"WebSite","@id":"https:\/\/aula-cecca.es\/wp_xeral_25_02\/#website","url":"https:\/\/aula-cecca.es\/wp_xeral_25_02\/","name":"CECCA FORMACI\u00d3N","description":"CECCA FORMACI\u00d3N centra su actividad en la formaci\u00f3n de trabajadores y est\u00e1 especializada en formaci\u00f3n OnLine","potentialAction":[{"@type":"SearchAction","target":{"@type":"EntryPoint","urlTemplate":"https:\/\/aula-cecca.es\/wp_xeral_25_02\/?s={search_term_string}"},"query-input":"required name=search_term_string"}],"inLanguage":"es"}]}},"_links":{"self":[{"href":"https:\/\/aula-cecca.es\/wp_xeral_25_02\/wp-json\/wp\/v2\/pages\/6106"}],"collection":[{"href":"https:\/\/aula-cecca.es\/wp_xeral_25_02\/wp-json\/wp\/v2\/pages"}],"about":[{"href":"https:\/\/aula-cecca.es\/wp_xeral_25_02\/wp-json\/wp\/v2\/types\/page"}],"author":[{"embeddable":true,"href":"https:\/\/aula-cecca.es\/wp_xeral_25_02\/wp-json\/wp\/v2\/users\/2"}],"replies":[{"embeddable":true,"href":"https:\/\/aula-cecca.es\/wp_xeral_25_02\/wp-json\/wp\/v2\/comments?post=6106"}],"version-history":[{"count":2,"href":"https:\/\/aula-cecca.es\/wp_xeral_25_02\/wp-json\/wp\/v2\/pages\/6106\/revisions"}],"predecessor-version":[{"id":6108,"href":"https:\/\/aula-cecca.es\/wp_xeral_25_02\/wp-json\/wp\/v2\/pages\/6106\/revisions\/6108"}],"wp:attachment":[{"href":"https:\/\/aula-cecca.es\/wp_xeral_25_02\/wp-json\/wp\/v2\/media?parent=6106"}],"curies":[{"name":"wp","href":"https:\/\/api.w.org\/{rel}","templated":true}]}}